{"id":42,"date":"2017-10-31T18:11:49","date_gmt":"2017-10-31T17:11:49","guid":{"rendered":"https:\/\/ffarma.it\/farmacia6\/?page_id=42"},"modified":"2017-11-21T17:05:01","modified_gmt":"2017-11-21T16:05:01","slug":"contatti","status":"publish","type":"page","link":"https:\/\/ffarma.it\/farmacia3\/contatti\/","title":{"rendered":"Contatti"},"content":{"rendered":"<p>Per ogni esigenza od informazione potete contattarci tramite il form sotto riportato o raggiugerci telefonicamente al n. 070123456<\/p>\n\n<div class=\"wpcf7 no-js\" id=\"wpcf7-f263-o1\" lang=\"it-IT\" dir=\"ltr\" data-wpcf7-id=\"263\">\n<div class=\"screen-reader-response\"><p role=\"status\" aria-live=\"polite\" aria-atomic=\"true\"><\/p> <ul><\/ul><\/div>\n<form action=\"\/farmacia3\/wp-json\/wp\/v2\/pages\/42#wpcf7-f263-o1\" method=\"post\" class=\"wpcf7-form init\" aria-label=\"Modulo di contatto\" novalidate=\"novalidate\" data-status=\"init\">\n<fieldset class=\"hidden-fields-container\"><input type=\"hidden\" name=\"_wpcf7\" value=\"263\" \/><input type=\"hidden\" name=\"_wpcf7_version\" value=\"6.1.1\" \/><input type=\"hidden\" name=\"_wpcf7_locale\" value=\"it_IT\" \/><input type=\"hidden\" name=\"_wpcf7_unit_tag\" value=\"wpcf7-f263-o1\" \/><input type=\"hidden\" name=\"_wpcf7_container_post\" value=\"0\" \/><input type=\"hidden\" name=\"_wpcf7_posted_data_hash\" value=\"\" \/>\n<\/fieldset>\n<p><label> Il tuo nome (richiesto)<br \/>\n<span class=\"wpcf7-form-control-wrap\" data-name=\"your-name\"><input size=\"40\" maxlength=\"400\" class=\"wpcf7-form-control wpcf7-text wpcf7-validates-as-required\" aria-required=\"true\" aria-invalid=\"false\" value=\"\" type=\"text\" name=\"your-name\" \/><\/span> <\/label>\n<\/p>\n<p><label> La tua email (richiesto)<br \/>\n<span class=\"wpcf7-form-control-wrap\" data-name=\"your-email\"><input size=\"40\" maxlength=\"400\" class=\"wpcf7-form-control wpcf7-email wpcf7-validates-as-required wpcf7-text wpcf7-validates-as-email\" aria-required=\"true\" aria-invalid=\"false\" value=\"\" type=\"email\" name=\"your-email\" \/><\/span> <\/label>\n<\/p>\n<p><label> Il tuo telefono<br \/>\n<span class=\"wpcf7-form-control-wrap\" data-name=\"tel-891\"><input size=\"40\" maxlength=\"400\" class=\"wpcf7-form-control wpcf7-tel wpcf7-text wpcf7-validates-as-tel\" aria-invalid=\"false\" value=\"\" type=\"tel\" name=\"tel-891\" \/><\/span> <\/label>\n<\/p>\n<p><label> Oggetto<br \/>\n<span class=\"wpcf7-form-control-wrap\" data-name=\"your-subject\"><input size=\"40\" maxlength=\"400\" class=\"wpcf7-form-control wpcf7-text\" aria-invalid=\"false\" value=\"\" type=\"text\" name=\"your-subject\" \/><\/span> <\/label>\n<\/p>\n<p><label> Il tuo messaggio<br \/>\n<span class=\"wpcf7-form-control-wrap\" data-name=\"your-message\"><textarea cols=\"40\" rows=\"10\" maxlength=\"2000\" class=\"wpcf7-form-control wpcf7-textarea\" aria-invalid=\"false\" name=\"your-message\"><\/textarea><\/span> <\/label>\n<\/p>\n<p><label> <span class=\"wpcf7-form-control-wrap\" data-name=\"acceptance-57\"><span class=\"wpcf7-form-control wpcf7-acceptance\"><span class=\"wpcf7-list-item\"><input type=\"checkbox\" name=\"acceptance-57\" value=\"1\" aria-invalid=\"false\" \/><\/span><\/span><\/span> Accetto l'informativa sulla \"privacy\" sottoriportata.<\/label>\n<\/p>\n<p><textarea style=\"width: 404px; height: 97px;\" rows=\"4\">Gentile Cliente, La informiamo che per le finalit\u00e0 connesse alla fornitura delle informazioni richieste, la nostra farmacia esegue il trattamento dei dati da Lei forniti, o comunque acquisiti in sede di esecuzione del Servizio. Il titolare del trattamento \u00e8 la nostra farmacia nella persona del legale rappresentante pro tempore. L\u2019elenco dei responsabili del trattamento dei dati personali e dei terzi destinatari di comunicazioni \u00e8 disponibile presso la nostra sede. Il trattamento dei dati avviene con procedure idonee a tutelare la riservatezza dell\u2019Utente e consiste nella loro raccolta, registrazione, organizzazione, conservazione, elaborazione, modificazione, selezione, estrazione, raffronto, utilizzo, interconnessione, blocco, comunicazione, diffusione, cancellazione, distruzione degli stessi comprese la combinazione di due o pi\u00f9 delle attivit\u00e0 suddette. Il trattamento dei dati, oltre alle finalit\u00e0 connesse, strumentali e necessarie alla fornitura del Servizio sar\u00e0 finalizzato a raccogliere dati ed informazioni in via generale e particolare sugli orientamenti e le preferenze dell\u2019Utente; inviare informazioni, offerte commerciali e materiale informativo. Il conferimento del consenso al trattamento dei propri dati personali da parte dell\u2019Utente \u00e8 facoltativo. In caso di rifiuto del trattamento dei dati personali la Farmacia non potr\u00e0 fornire le informazioni. Il trattamento dei dati del Cliente per le finalit\u00e0 sopraindicate avr\u00e0 luogo prevalentemente con modalit\u00e0 automatizzate ed informatizzate, sempre nel rispetto delle regole di riservatezza e di sicurezza previste dalla legge. I dati saranno conservati per i termini di legge presso la nostra farmacia e trattati da parte di dipendenti e\/o professionisti da questa incaricati, i quali svolgono le suddette attivit\u00e0 sotto la sua diretta supervisione e responsabilit\u00e0. A tal fine, i dati comunicati dall\u2019Utente potranno essere trasmessi a soggetti esterni, anche all\u2019estero, che svolgono funzioni strettamente connesse e strumentali all\u2019operativit\u00e0 del servizio. La informiamo, inoltre, che, ai sensi dell\u2019art. 7 del D. Lgs. 30 giugno 2003, n. 196, il Cliente ha il diritto di opporsi, in tutto o in parte, per motivi legittimi, al trattamento e pu\u00f2, secondo le modalit\u00e0 e nei limiti previsti dalla vigente normativa, richiedere la conferma dell\u2019esistenza di dati personali che lo riguardano, e conoscerne l\u2019origine, riceverne comunicazione intelligibile, avere informazioni circa la logica, le modalit\u00e0 e le finalit\u00e0 del trattamento, richiederne l\u2019aggiornamento, la rettifica, l\u2019integrazione, richiedere la cancellazione, la trasformazione in forma anonima, il blocco dei dati trattati in violazione di legge, ivi compresi quelli non pi\u00f9 necessari al perseguimento degli scopi per i quali sono stati raccolti, nonch\u00e9, pi\u00f9 in generale, esercitare tutti i diritti che gli sono riconosciuti dalle vigenti disposizioni di legge.<\/textarea>\n<\/p>\n<p>[recaptcha]\n<\/p>\n<p><input class=\"wpcf7-form-control wpcf7-submit has-spinner\" type=\"submit\" value=\"Invia\" \/>\n<\/p><div class=\"wpcf7-response-output\" aria-hidden=\"true\"><\/div>\n<\/form>\n<\/div>\n\n","protected":false},"excerpt":{"rendered":"<p>Per ogni esigenza od informazione potete contattarci tramite il form sotto riportato o raggiugerci telefonicamente al n. 070123456<\/p>\n","protected":false},"author":1,"featured_media":0,"parent":0,"menu_order":0,"comment_status":"closed","ping_status":"closed","template":"","meta":{"footnotes":""},"class_list":["post-42","page","type-page","status-publish","hentry"],"_links":{"self":[{"href":"https:\/\/ffarma.it\/farmacia3\/wp-json\/wp\/v2\/pages\/42","targetHints":{"allow":["GET"]}}],"collection":[{"href":"https:\/\/ffarma.it\/farmacia3\/wp-json\/wp\/v2\/pages"}],"about":[{"href":"https:\/\/ffarma.it\/farmacia3\/wp-json\/wp\/v2\/types\/page"}],"author":[{"embeddable":true,"href":"https:\/\/ffarma.it\/farmacia3\/wp-json\/wp\/v2\/users\/1"}],"replies":[{"embeddable":true,"href":"https:\/\/ffarma.it\/farmacia3\/wp-json\/wp\/v2\/comments?post=42"}],"version-history":[{"count":8,"href":"https:\/\/ffarma.it\/farmacia3\/wp-json\/wp\/v2\/pages\/42\/revisions"}],"predecessor-version":[{"id":538,"href":"https:\/\/ffarma.it\/farmacia3\/wp-json\/wp\/v2\/pages\/42\/revisions\/538"}],"wp:attachment":[{"href":"https:\/\/ffarma.it\/farmacia3\/wp-json\/wp\/v2\/media?parent=42"}],"curies":[{"name":"wp","href":"https:\/\/api.w.org\/{rel}","templated":true}]}}