{"id":28,"date":"2017-10-31T17:59:23","date_gmt":"2017-10-31T16:59:23","guid":{"rendered":"https:\/\/ffarma.it\/farmacia1\/?page_id=28"},"modified":"2017-10-31T17:59:23","modified_gmt":"2017-10-31T16:59:23","slug":"informativa-sui-cookie","status":"publish","type":"page","link":"https:\/\/ffarma.it\/farmacia1\/informativa-sui-cookie\/","title":{"rendered":"Informativa sui cookie"},"content":{"rendered":"<div class=\"entry-content\">\n<p><strong>Questo Sito utilizza i cookie.<\/strong><\/p>\n<p>I cookie sono brevi frammenti di testo (lettere e\/o numeri) che permettono al server web di memorizzare sul browser dell\u2019utente informazioni da riutilizzare nel corso della medesima visita al sito (cookie di sessione) o in seguito, anche a distanza di giorni (cookie persistenti). I cookie vengono memorizzati, in base alle preferenze dell\u2019utente, dal singolo browser sullo specifico dispositivo utilizzato.<\/p>\n<p><strong>Cookie <\/strong><br \/>\nI cookie utilizzati dal sito sono di 4 tipologie.<br \/>\nLa prima \u00e8 il di c.d. cookie di sessione (che non viene memorizzato in modo persistente sul computer dell\u2019utente e svanisce con la chiusura del browser), strettamente limitato alla trasmissione di identificativi di sessione (costituiti da numeri casuali generati dal server) necessario per consentire l\u2019esplorazione sicura ed efficiente del sito.<br \/>\nGli altri tre tipi di cookie vengono creati all\u2019atto dell\u2019autenticazione dell\u2019utente nell\u2019area riservata e contengono il solo username dell\u2019utente. Essi non vengono usati per il tracciamento, ma sono indispensabili per il riconoscimento dell\u2019utente e per associare la sua anagrafica alle funzioni dell\u2019area riservata (es. prenotazione di eventi formativi, per la stampa dei certificati di partecipazione etc.).<br \/>\nLa loro disattivazione compromette l\u2019utilizzo dei servizi dell\u2019area riservata. La parte pubblica resta normalmente utilizzabile.<br \/>\nNon vengono utilizzati c.d. cookie persistenti di alcun tipo, ovvero sistemi per il tracciamento degli utenti.<\/p>\n<p>Dati di navigazione e statistici raccolti da terzi.<br \/>\nQuesto sito utilizza strumenti di analisi statistica erogati e gestiti da terzi, mediante l\u2019utilizzo di tecnologie e soluzioni in \u201coutsourcing\u201d, che possono raccogliere e \u201ctracciare\u201d alcuni dati di navigazione.<br \/>\nEssendo raccolti da strumenti ed aziende diverse rispetto al gestore del sito, tali dati non sono fisicamente in possesso del gestore medesimo che pertanto pu\u00f2 utilizzarli solamente in consultazione, ma non ha la possibilit\u00e0 di modificarli o cancellarli autonomamente.<br \/>\nPer tali operazioni e per conoscere approfonditamente la privacy policy applicata a tali dati \u00e8 necessario che l\u2019utente si rivolga direttamente al Titolare, ovvero all\u2019Azienda che eroga direttamente il servizio statistico utilizzato.<br \/>\nGli strumenti appartenenti a terze parti utilizzati all\u2019interno di questo sito sono i seguenti:<br \/>\n\u2013 Google Analytics (erogato da: Google Inc. 1600 Amphitheatre Parkway \u2013 Mountain View CA 94043, USA)<br \/>\nSpecifiche informazioni relative a Google Analytics.<br \/>\nQuesto sito web utilizza Google Analytics, un servizio di analisi web fornito da Google, Inc. (\u201cGoogle\u201d). Google Analytics utilizza dei \u201ccookie\u201d, che sono file di testo che vengono depositati sul computer dell\u2019utente per consentire al sito web di analizzare come gli utenti utilizzano il sito. Le informazioni generate dai cookie (compreso l\u2019indirizzo IP) verranno trasmesse e depositate presso i server di Google negli Stati Uniti. Google utilizzer\u00e0 queste informazioni allo scopo di tracciare e esaminare l\u2019utilizzo del sito web, compilare report sulle attivit\u00e0 del sito web per gli operatori e fornire altri servizi relativi alle attivit\u00e0 del sito web e all\u2019utilizzo di Internet. Google pu\u00f2 anche trasferire queste informazioni a terzi ove ci\u00f2 sia imposto dalla legge o laddove tali terzi trattino le suddette informazioni per conto di Google. Google non assocer\u00e0 l\u2019indirizzo IP a nessun altro dato posseduto da Google.<br \/>\nE\u2019 possibile escludere l\u2019utilizzo dei cookie selezionando l\u2019impostazione appropriata sul browser, ma ci\u00f2 potrebbe impedire di utilizzare tutte le funzionalit\u00e0 di questo sito web. Utilizzando il presente sito web, si acconsente al trattamento dei dati da parte di Google per le modalit\u00e0 e i fini sopraindicati.<br \/>\nSi riportando di seguito gli indirizzi utili ai fini di meglio comprendere la privacy policy di Google Analytics:<br \/>\n\u2013 http:\/\/www.google.com\/analytics\/it-IT\/tos.html;<br \/>\n\u2013 http:\/\/www.google.com\/privacypolicy.html;<br \/>\nEventuali richieste relative ai dati inerente a questo trattamento dovranno essere rivolte direttamente al Titolare (Google Inc.).<\/p>\n<p><strong>Durata e gestione dei cookie<\/strong><br \/>\nI cookie di sessione e gli altri tipi di cookie utilizzati da questo Sito restano attivi solo fino alla chiusura del browser o all\u2019esecuzione del comando di logout. La politica di durata dei cookie di terze parti \u00e8 stabilita nelle rispettive privacy policy.<br \/>\nL\u2019utente pu\u00f2 decidere se accettare o meno i cookie modificando in maniera appropriata le impostazioni del proprio browser. La disabilitazione totale o parziale dei cookie tecnici pu\u00f2 compromettere l\u2019utilizzo delle funzionalit\u00e0 del sito riservate agli utenti registrati, mentre i contenuti pubblici sono fruibili anche nel caso di disabilitazione completa dei cookie.<br \/>\nLa disabilitazione dei cookie di terze parti non pregiudica in alcun modo l\u2019usabilit\u00e0 del sito.<\/p>\n<\/div>\n","protected":false},"excerpt":{"rendered":"<p>Questo Sito utilizza i cookie. I cookie sono brevi frammenti di testo (lettere e\/o numeri) che permettono al server web di memorizzare sul browser dell\u2019utente informazioni da riutilizzare nel corso della medesima visita al sito (cookie di sessione) o in &hellip;<\/p>\n","protected":false},"author":1,"featured_media":0,"parent":0,"menu_order":0,"comment_status":"closed","ping_status":"closed","template":"","meta":{"footnotes":""},"class_list":["post-28","page","type-page","status-publish","hentry"],"_links":{"self":[{"href":"https:\/\/ffarma.it\/farmacia1\/wp-json\/wp\/v2\/pages\/28","targetHints":{"allow":["GET"]}}],"collection":[{"href":"https:\/\/ffarma.it\/farmacia1\/wp-json\/wp\/v2\/pages"}],"about":[{"href":"https:\/\/ffarma.it\/farmacia1\/wp-json\/wp\/v2\/types\/page"}],"author":[{"embeddable":true,"href":"https:\/\/ffarma.it\/farmacia1\/wp-json\/wp\/v2\/users\/1"}],"replies":[{"embeddable":true,"href":"https:\/\/ffarma.it\/farmacia1\/wp-json\/wp\/v2\/comments?post=28"}],"version-history":[{"count":1,"href":"https:\/\/ffarma.it\/farmacia1\/wp-json\/wp\/v2\/pages\/28\/revisions"}],"predecessor-version":[{"id":29,"href":"https:\/\/ffarma.it\/farmacia1\/wp-json\/wp\/v2\/pages\/28\/revisions\/29"}],"wp:attachment":[{"href":"https:\/\/ffarma.it\/farmacia1\/wp-json\/wp\/v2\/media?parent=28"}],"curies":[{"name":"wp","href":"https:\/\/api.w.org\/{rel}","templated":true}]}}